{"id":282,"date":"2018-02-12T11:33:11","date_gmt":"2018-02-12T11:33:11","guid":{"rendered":"https:\/\/www.mercari.com.mx\/web\/?page_id=282"},"modified":"2023-07-26T14:49:53","modified_gmt":"2023-07-26T19:49:53","slug":"aviso_de_privacidad","status":"publish","type":"page","link":"https:\/\/www.mercari.com.mx\/web\/aviso_de_privacidad\/","title":{"rendered":"Aviso de Privacidad"},"content":{"rendered":"<p><!--vcv no format--><\/p>\n<div class=\"vce-row-container\">\n<div id=\"el-bd87391d\" class=\"vce-row vce-row--col-gap-30 vce-row-columns--top vce-row-content--top\" data-vce-do-apply=\"all el-bd87391d\">\n<div class=\"vce-row-content\" data-vce-element-content=\"true\">\n<div id=\"el-b0701014\" class=\"vce-col vce-col--md-100p vce-col--xs-1 vce-col--xs-last vce-col--xs-first vce-col--sm-last vce-col--sm-first vce-col--md-last vce-col--lg-last vce-col--xl-last vce-col--md-first vce-col--lg-first vce-col--xl-first\">\n<div class=\"vce-col-inner\" data-vce-do-apply=\"border margin background  el-b0701014\">\n<div class=\"vce-col-content\" data-vce-element-content=\"true\" data-vce-do-apply=\"padding el-b0701014\">\n<div class=\"vce-text-block\">\n<div id=\"el-d66390dd\" class=\"vce-text-block-wrapper vce\" data-vce-do-apply=\"all el-d66390dd\">\n<h1 style=\"text-align: center;\">AVISO DE PRIVACIDAD<\/h1>\n<p class=\"palabra\" style=\"margin: 0cm 0cm 11.25pt; text-align: justify; background-image: initial; background-position: initial; background-size: initial; background-repeat: initial; background-attachment: initial; background-origin: initial; background-clip: initial;\"><span style=\"font-family: 'Arial Nova Light',sans-serif; color: black; mso-themecolor: text1;\">En cumplimiento con lo establecido por la Ley Federal de Protecci\u00f3n de datos personales en posesi\u00f3n de particulares, MERCARI Comercio Inteligente, PATIO MEXICANO y Comercializaci\u00f3n y Aplicaciones Inteligentes S.A. de C.V., con domicilio fiscal en <\/span>Paseo el condado no.10-e6 fracc. El condado. Corregidora, qro. C.p.: 76922 <span style=\"font-family: 'Arial Nova Light', sans-serif;\">como responsable del tratamiento de datos personales de sus clientes, hace de su conocimiento la pol\u00edtica de privacidad y manejo de sus datos personales en la que en todo momento se buscar\u00e1 que el tratamiento de los mismos sea leg\u00edtimo, controlado e informado, a efecto de asegurar la privacidad, confidencialidad, integridad y el derecho a la autodeterminaci\u00f3n informativa de sus datos. USO Y DIVULGACION DE DATOS PERSONALES solo obtienen informaci\u00f3n personal directamente de sus clientes con cinco prop\u00f3sitos fundamentales:<\/span><\/p>\n<p class=\"palabra\" style=\"margin: 0cm 0cm 11.25pt; text-align: justify; background-image: initial; background-position: initial; background-size: initial; background-repeat: initial; background-attachment: initial; background-origin: initial; background-clip: initial;\"><span style=\"font-family: 'Arial Nova Light',sans-serif; color: black; mso-themecolor: text1;\">1. Acreditar su personalidad, a fin y en apego a lo establecido a las leyes fiscales vigentes para emitir y\/u obtener comprobantes fiscales.<\/span><\/p>\n<p class=\"palabra\" style=\"margin: 0cm 0cm 11.25pt; text-align: justify; background-image: initial; background-position: initial; background-size: initial; background-repeat: initial; background-attachment: initial; background-origin: initial; background-clip: initial;\"><span style=\"font-family: 'Arial Nova Light',sans-serif; color: black; mso-themecolor: text1;\">2. Obtener informaci\u00f3n de los clientes para la elaboraci\u00f3n de cotizaciones y\/o presupuestos para efectos de venta de los productos que comercializamos aplicables y entregados en el sitio se\u00f1alado por los clientes.<\/span><\/p>\n<p class=\"palabra\" style=\"margin: 0cm 0cm 11.25pt; text-align: justify; background-image: initial; background-position: initial; background-size: initial; background-repeat: initial; background-attachment: initial; background-origin: initial; background-clip: initial;\"><span style=\"font-family: 'Arial Nova Light',sans-serif; color: black; mso-themecolor: text1;\">3. Dar seguimiento e informaci\u00f3n relativa las cotizaciones y adquisiciones hechas por nuestros clientes a trav\u00e9s de nuestras plataformas comerciales <a href=\"..\/..\/\"><span style=\"color: black; mso-themecolor: text1;\">https:\/\/www.mercari.com.mx<\/span><\/a> y <a href=\"https:\/\/www.patiomexicano.mx\/\"><span style=\"color: black; mso-themecolor: text1;\">https:\/\/www.patiomexicano.mx<\/span><\/a> con el objeto de asesorar, orientar y otorgar soporte t\u00e9cnico, humano y log\u00edstico.<\/span><\/p>\n<p class=\"palabra\" style=\"margin: 0cm 0cm 11.25pt; text-align: justify; background-image: initial; background-position: initial; background-size: initial; background-repeat: initial; background-attachment: initial; background-origin: initial; background-clip: initial;\"><span style=\"font-family: 'Arial Nova Light',sans-serif; color: black; mso-themecolor: text1;\">4. Gestionar\u00a0 y atender procesos de cobranza, reclamaciones y aplicaci\u00f3n de garantias de y sobre los productos adquiridos atrav\u00e9s de nuestras plataformas digitales.<\/span><\/p>\n<p class=\"palabra\" style=\"margin: 0cm 0cm 11.25pt; text-align: justify; background-image: initial; background-position: initial; background-size: initial; background-repeat: initial; background-attachment: initial; background-origin: initial; background-clip: initial;\"><span style=\"font-family: 'Arial Nova Light',sans-serif; color: black; mso-themecolor: text1;\">5. Informar sobre el lanzamiento de nuevos productos, el retiro de los mismos, y sobre la modificaciones t\u00e9cnicas, logisticas y de precios de los productos que comercializamos.<\/span><\/p>\n<p class=\"palabra\" style=\"margin: 0cm 0cm 11.25pt; text-align: justify; background-image: initial; background-position: initial; background-size: initial; background-repeat: initial; background-attachment: initial; background-origin: initial; background-clip: initial;\"><span style=\"font-family: 'Arial Nova Light',sans-serif; color: black; mso-themecolor: text1;\">La informaci\u00f3n personal que Comercializaci\u00f3n y Aplicaciones Inteligentes S.A. de C.V. y sus firmas MERCARI \u00a0\u00a0\u00a0\u00a0 Comercio Inteligente y Patio Mexicano, requiera a sus clientes para los usos antes mencionados incluye la listada a continuaci\u00f3n de manera enunciativa mas no limitativa: Nombre y\/o Raz\u00f3n Social, Domicilio, Registro Federal de Contribuyentes, Estados de Cuenta Bancarios, Constancias de Opinion de Cumplimiento ante el S.A.T. Domicilio y n\u00famero telef\u00f3nico. <\/span><\/p>\n<p class=\"palabra\" style=\"margin: 0cm 0cm 11.25pt; text-align: justify; background-image: initial; background-position: initial; background-size: initial; background-repeat: initial; background-attachment: initial; background-origin: initial; background-clip: initial;\"><strong><span style=\"font-family: 'Arial Nova Light',sans-serif; color: black; mso-themecolor: text1;\">Nos comprometemos a no transferir su informaci\u00f3n personal a terceros sin su consentimiento, salvo las excepciones previstas en el art\u00edculo 37 de la Ley Federal de Protecci\u00f3n de Datos Personales en posesi\u00f3n de los particulares, as\u00ed como a realizar esta transferencia en t\u00e9rminos que fija esa ley.<\/span><\/strong><\/p>\n<p class=\"palabra\" style=\"margin: 0cm 0cm 11.25pt; background-image: initial; background-position: initial; background-size: initial; background-repeat: initial; background-attachment: initial; background-origin: initial; background-clip: initial; box-sizing: border-box; text-align: center;\"><span style=\"font-family: 'Arial Nova Light',sans-serif; color: black; mso-themecolor: text1;\">MODIFICACIONES AL AVISO DE PRIVACIDAD.<br style=\"box-sizing: border-box;\" \/>Nos reservamos el derecho de efectuar en cualquier momento modificaciones y\/o actualizaciones al presente aviso de privacidad, para la atenci\u00f3n de novedades legislativas, pol\u00edticas internas o nuevos requerimientos para la prestaci\u00f3n u ofrecimiento de nuestros productos. La \u00faltima versi\u00f3n de nuestro Aviso de Privacidad podr\u00e1 ser consultada en:\u00a0<\/span><a style=\"background-color: #ffffff; font-size: 17px;\" href=\"https:\/\/www.mercari.com.mx\/web\/aviso_de_privacidad\/\">https:\/\/www.mercari.com.mx\/web\/aviso_de_privacidad\/<\/a><\/p>\n<\/div>\n<\/div>\n<\/div>\n<\/div>\n<\/div>\n<\/div>\n<\/div>\n<\/div>\n<p><!--vcv no format--><\/p>\n","protected":false},"excerpt":{"rendered":"<p>AVISO DE PRIVACIDAD En cumplimiento con lo establecido por la Ley Federal de Protecci\u00f3n de datos personales en posesi\u00f3n de particulares, MERCARI Comercio Inteligente, PATIO MEXICANO y Comercializaci\u00f3n y Aplicaciones Inteligentes S.A. de C.V., con domicilio fiscal en Paseo el condado no.10-e6 fracc. El condado. Corregidora, qro. C.p.: 76922 como responsable del tratamiento de datos [&hellip;]<\/p>\n","protected":false},"author":1,"featured_media":0,"parent":0,"menu_order":0,"comment_status":"closed","ping_status":"closed","template":"","meta":{"footnotes":""},"class_list":["post-282","page","type-page","status-publish","hentry"],"_links":{"self":[{"href":"https:\/\/www.mercari.com.mx\/web\/wp-json\/wp\/v2\/pages\/282","targetHints":{"allow":["GET"]}}],"collection":[{"href":"https:\/\/www.mercari.com.mx\/web\/wp-json\/wp\/v2\/pages"}],"about":[{"href":"https:\/\/www.mercari.com.mx\/web\/wp-json\/wp\/v2\/types\/page"}],"author":[{"embeddable":true,"href":"https:\/\/www.mercari.com.mx\/web\/wp-json\/wp\/v2\/users\/1"}],"replies":[{"embeddable":true,"href":"https:\/\/www.mercari.com.mx\/web\/wp-json\/wp\/v2\/comments?post=282"}],"version-history":[{"count":1,"href":"https:\/\/www.mercari.com.mx\/web\/wp-json\/wp\/v2\/pages\/282\/revisions"}],"predecessor-version":[{"id":9229,"href":"https:\/\/www.mercari.com.mx\/web\/wp-json\/wp\/v2\/pages\/282\/revisions\/9229"}],"wp:attachment":[{"href":"https:\/\/www.mercari.com.mx\/web\/wp-json\/wp\/v2\/media?parent=282"}],"curies":[{"name":"wp","href":"https:\/\/api.w.org\/{rel}","templated":true}]}}