{"id":6399,"date":"2020-02-19T06:01:14","date_gmt":"2020-02-19T12:01:14","guid":{"rendered":"https:\/\/www.mercari.com.mx\/web\/?post_type=product&#038;p=6399"},"modified":"2025-06-27T14:53:08","modified_gmt":"2025-06-27T20:53:08","slug":"curaconsa-apd-proconsa","status":"publish","type":"product","link":"https:\/\/www.mercari.com.mx\/web\/producto\/curaconsa-apd-proconsa\/","title":{"rendered":"Curaconsa APD \/ PROCONSA"},"content":{"rendered":"<ul>\n<li><span style=\"font-family: helvetica, arial, sans-serif;font-size: 10pt\">Evita la perdida prematura de agua y por consiguiente la reducci\u00f3n de la resistencia de dise\u00f1o. <\/span><\/li>\n<li><span style=\"font-family: helvetica, arial, sans-serif;font-size: 10pt\">Evita el agrietamiento por secado r\u00e1pido.<\/span><\/li>\n<li><span style=\"font-family: helvetica, arial, sans-serif;font-size: 10pt\">Puede usarse en obras con poca ventilaci\u00f3n (t\u00faneles, cisternas, etc.), por no contener solventes vol\u00e1tiles.<\/span><\/li>\n<li><span style=\"font-family: helvetica, arial, sans-serif;font-size: 10pt\">Por su pigmentaci\u00f3n blanca reduce el aumento de temperatura en el concreto expuesto a la radiaci\u00f3n solar.<\/span><\/li>\n<li><span style=\"font-family: helvetica, arial, sans-serif;font-size: 10pt\">Cumple con la NORMA ASTM C 309-81, que indica que la membrana debe retener 0.055gr. de agua en la mezcla total del concreto por metro cuadrado.<\/span><\/li>\n<\/ul>\n<p><span style=\"font-family: helvetica, arial, sans-serif;font-size: 10pt\">Aplicaciones<\/span><\/p>\n<p><span style=\"font-family: helvetica, arial, sans-serif;font-size: 10pt\">Se utiliza para curar concretos o morteros en losas, pavimentos, columnas, obras hidr\u00e1ulicas tales como canales, tuber\u00edas, cisternas, etc<\/span><\/p>\n<p><span style=\"font-family: helvetica, arial, sans-serif;font-size: 10pt\">Este producto se vende en 2 presentaciones<\/span><\/p>\n<ul>\n<li><span style=\"font-family: helvetica, arial, sans-serif;font-size: 10pt\">Cubeta de 19 lts <strong>\u00a0$968.00 i.v.a incluido\u00a0<\/strong><\/span><\/li>\n<li><span style=\"font-family: helvetica, arial, sans-serif;font-size: 10pt\">Tambo de 200 lts <strong>$7,755.00 i.v.a. incluido<\/strong><\/span><\/li>\n<li><span style=\"font-size: 10pt\">disponible en color blanco y rojo<\/span><\/li>\n<\/ul>\n<p><em><span style=\"font-family: helvetica, arial, sans-serif;font-size: 10pt\">precios puestos en f\u00e1brica en Cuautitl\u00e1n Edo.Mex.\u00a0 env\u00edos a cualquier punto del pa\u00eds &#8211; con cargo adicional &#8211;<\/span><\/em><\/p>\n","protected":false},"excerpt":{"rendered":"<p><strong><span style=\"font-family: helvetica, arial, sans-serif\">Membrana de curado emulsionado retardante base agua elaborada seg\u00fan la norma ASTM C-309-81.<\/span><\/strong><\/p>\n<ul>\n<li><span style=\"font-family: helvetica, arial, sans-serif\">L<span style=\"font-size: 10pt\">\u00edquido color blanco que al aplicarse sobre el concreto o mortero fresco forma una pel\u00edcula delgada, el\u00e1stica e impermeable al agua y al vapor de agua.<\/span><\/span><\/li>\n<li><span style=\"font-size: 10pt\">Se utiliza para curar concretos o morteros en losas, pavimentos, columnas, obras hidr\u00e1ulicas tales como canales, tuber\u00edas, cisternas, etc<\/span><\/li>\n<\/ul>\n","protected":false},"featured_media":8333,"comment_status":"open","ping_status":"closed","template":"","meta":[],"product_brand":[],"product_cat":[89],"product_tag":[122,202,65],"class_list":{"0":"post-6399","1":"product","2":"type-product","3":"status-publish","4":"has-post-thumbnail","6":"product_cat-productos-quimicos","7":"product_tag-concreto","8":"product_tag-membrana-de-curado","9":"product_tag-proconsa","10":"product_shipping_class-flete-carga-consolidada-por-cobrar","12":"first","13":"instock","14":"sale","15":"shipping-taxable","16":"purchasable","17":"product-type-variable"},"_links":{"self":[{"href":"https:\/\/www.mercari.com.mx\/web\/wp-json\/wp\/v2\/product\/6399","targetHints":{"allow":["GET"]}}],"collection":[{"href":"https:\/\/www.mercari.com.mx\/web\/wp-json\/wp\/v2\/product"}],"about":[{"href":"https:\/\/www.mercari.com.mx\/web\/wp-json\/wp\/v2\/types\/product"}],"replies":[{"embeddable":true,"href":"https:\/\/www.mercari.com.mx\/web\/wp-json\/wp\/v2\/comments?post=6399"}],"wp:featuredmedia":[{"embeddable":true,"href":"https:\/\/www.mercari.com.mx\/web\/wp-json\/wp\/v2\/media\/8333"}],"wp:attachment":[{"href":"https:\/\/www.mercari.com.mx\/web\/wp-json\/wp\/v2\/media?parent=6399"}],"wp:term":[{"taxonomy":"product_brand","embeddable":true,"href":"https:\/\/www.mercari.com.mx\/web\/wp-json\/wp\/v2\/product_brand?post=6399"},{"taxonomy":"product_cat","embeddable":true,"href":"https:\/\/www.mercari.com.mx\/web\/wp-json\/wp\/v2\/product_cat?post=6399"},{"taxonomy":"product_tag","embeddable":true,"href":"https:\/\/www.mercari.com.mx\/web\/wp-json\/wp\/v2\/product_tag?post=6399"}],"curies":[{"name":"wp","href":"https:\/\/api.w.org\/{rel}","templated":true}]}}