{"id":7844,"date":"2020-11-05T16:17:12","date_gmt":"2020-11-05T22:17:12","guid":{"rendered":"https:\/\/www.mercari.com.mx\/web\/?post_type=product&#038;p=7844"},"modified":"2025-03-03T17:08:21","modified_gmt":"2025-03-03T23:08:21","slug":"cimbra-rapid-l-euco","status":"publish","type":"product","link":"https:\/\/www.mercari.com.mx\/web\/producto\/cimbra-rapid-l-euco\/","title":{"rendered":"Cimbra rapid L \/ EUCO"},"content":{"rendered":"<p><span style=\"font-size: 12pt\">Aplicaciones<\/span><\/p>\n<ul>\n<li><span style=\"font-size: 10pt\">Desmoldante para cimbras y moldes met\u00e1licos. Desmoldante para cimbras de madera.<\/span><\/li>\n<li><span style=\"font-size: 10pt\">Casetones de fibra de vidrio.<\/span><\/li>\n<li><span style=\"font-size: 10pt\">Para cualquier superficie empleada para cimbras en vivienda.<\/span><\/li>\n<\/ul>\n<p><span style=\"font-family: helvetica, arial, sans-serif;font-size: 12pt\">Ventajas<\/span><\/p>\n<ul>\n<li><span style=\"font-family: helvetica, arial, sans-serif;font-size: 10pt\">No mancha la superficie de concreto; por sus caracter\u00edsticas, una vez secado el producto desaparece el color blancuzco, disminuye el tiempo de limpieza de una cimbra prolongando su vida \u00fatil. <\/span><\/li>\n<li><span style=\"font-family: helvetica, arial, sans-serif;font-size: 10pt\">Elimina huecos, defectos y material acumulado de concreto y mortero.<\/span><\/li>\n<li><span style=\"font-family: helvetica, arial, sans-serif;font-size: 10pt\">F\u00e1cil y econ\u00f3mico de usar.<\/span><\/li>\n<li><span style=\"font-family: helvetica, arial, sans-serif;font-size: 10pt\">Por su baja viscosidad puede ser aplicado por aspersi\u00f3n.<\/span><\/li>\n<li><span style=\"font-family: helvetica, arial, sans-serif;font-size: 10pt\">El proceso de desmoldeo se facilita, Incrementando productividad.<\/span><\/li>\n<\/ul>\n<p><span style=\"font-family: helvetica, arial, sans-serif;font-size: 12pt\">Este producto se vende en:<\/span><\/p>\n<ul>\n<li><span style=\"font-family: helvetica, arial, sans-serif;font-size: 10pt\">Cubeta de 19 lts <strong>$946.00<\/strong>\u00a0 i.v.a. incluido incluido\u00a0\u00a0<\/span><\/li>\n<li><span style=\"font-family: helvetica, arial, sans-serif;font-size: 10pt\">Tambo de 200 lts<strong> $8,226.00<\/strong> incluido incluido\u00a0\u00a0<\/span><\/li>\n<\/ul>\n<p><span style=\"font-size: 10pt\"><em>puesto en planta EUCOMEX Tultitl\u00e1n Mex. entrega incluida en CD MX, env\u00edos a cualquier punto del pa\u00eds -m\u00e1s cargo por env\u00edo \u2013 en otras localidades<\/em><\/span><\/p>\n","protected":false},"excerpt":{"rendered":"<p><strong><span style=\"font-family: helvetica, arial, sans-serif\">Desmoldante l\u00edquido a base de emulsi\u00f3n de parafina en agua, que provee una separaci\u00f3n r\u00e1pida, f\u00e1cil y limpia entre el concreto y las cimbras met\u00e1licas. <\/span><\/strong><\/p>\n<ul>\n<li><span style=\"font-family: helvetica, arial, sans-serif;font-size: 10pt\">Produce una superficie lisa, sin huecos y defectos. <\/span><\/li>\n<li><span style=\"font-family: helvetica, arial, sans-serif;font-size: 10pt\">No se adhiere al concreto y deja la superficie libre de manchas.<\/span><\/li>\n<\/ul>\n","protected":false},"featured_media":8454,"comment_status":"open","ping_status":"closed","template":"","meta":[],"product_brand":[],"product_cat":[89],"product_tag":[126,125,152],"class_list":{"0":"post-7844","1":"product","2":"type-product","3":"status-publish","4":"has-post-thumbnail","6":"product_cat-productos-quimicos","7":"product_tag-cimbras","8":"product_tag-desmoldantes","9":"product_tag-euco","10":"product_shipping_class-flete-carga-consolidada-por-cobrar","12":"first","13":"instock","14":"shipping-taxable","15":"purchasable","16":"product-type-variable"},"_links":{"self":[{"href":"https:\/\/www.mercari.com.mx\/web\/wp-json\/wp\/v2\/product\/7844","targetHints":{"allow":["GET"]}}],"collection":[{"href":"https:\/\/www.mercari.com.mx\/web\/wp-json\/wp\/v2\/product"}],"about":[{"href":"https:\/\/www.mercari.com.mx\/web\/wp-json\/wp\/v2\/types\/product"}],"replies":[{"embeddable":true,"href":"https:\/\/www.mercari.com.mx\/web\/wp-json\/wp\/v2\/comments?post=7844"}],"wp:featuredmedia":[{"embeddable":true,"href":"https:\/\/www.mercari.com.mx\/web\/wp-json\/wp\/v2\/media\/8454"}],"wp:attachment":[{"href":"https:\/\/www.mercari.com.mx\/web\/wp-json\/wp\/v2\/media?parent=7844"}],"wp:term":[{"taxonomy":"product_brand","embeddable":true,"href":"https:\/\/www.mercari.com.mx\/web\/wp-json\/wp\/v2\/product_brand?post=7844"},{"taxonomy":"product_cat","embeddable":true,"href":"https:\/\/www.mercari.com.mx\/web\/wp-json\/wp\/v2\/product_cat?post=7844"},{"taxonomy":"product_tag","embeddable":true,"href":"https:\/\/www.mercari.com.mx\/web\/wp-json\/wp\/v2\/product_tag?post=7844"}],"curies":[{"name":"wp","href":"https:\/\/api.w.org\/{rel}","templated":true}]}}