{"id":8701,"date":"2022-07-13T20:00:52","date_gmt":"2022-07-14T01:00:52","guid":{"rendered":"https:\/\/www.mercari.com.mx\/web\/?post_type=product&#038;p=8701"},"modified":"2022-07-13T20:00:52","modified_gmt":"2022-07-14T01:00:52","slug":"piso-vinil-madera-negro-blanco-oplex","status":"publish","type":"product","link":"https:\/\/www.mercari.com.mx\/web\/producto\/piso-vinil-madera-negro-blanco-oplex\/","title":{"rendered":"Piso vinil madera negro-blanco \/ OPLEX"},"content":{"rendered":"<p><span style=\"font-family: helvetica, arial, sans-serif\">Producto dise\u00f1ado para aplicaciones en:<\/span><\/p>\n<p><span style=\"font-family: helvetica, arial, sans-serif\">Gimnasios, centros deportivos, stands para exposiciones, talleres mec\u00e1nicos, transporte p\u00fablico, salones de baile, aulas escolares y m\u00e1s.<\/span><\/p>\n<ul>\n<li><span style=\"font-family: helvetica, arial, sans-serif\">Se adhiere con pegamento de contacto sobre cualquier tipo de superficie (concreto, loseta de cer\u00e1mica, madera)<\/span><\/li>\n<li><span style=\"font-family: helvetica, arial, sans-serif\">El producto se surte bajo pedido<\/span><\/li>\n<li><span style=\"font-family: helvetica, arial, sans-serif\">Embarcamos a cualquier punto del pa\u00eds por la fletera de su elecci\u00f3n, \u2013 gastos de env\u00edo por cuenta del cliente \u2013<\/span><\/li>\n<\/ul>\n<ul>\n<li><span style=\"font-family: helvetica, arial, sans-serif\">Precio por rollo\u00a0<strong>$8,550.00 i.v.a. incluido\u00a0<\/strong><em>puesto en f\u00e1brica en CD MEXICO\u00a0<\/em><\/span><\/li>\n<\/ul>\n<p><span style=\"font-family: helvetica, arial, sans-serif\">descuento del 3.5% en pago con dep\u00f3sito o transferencia bancaria<\/span><\/p>\n","protected":false},"excerpt":{"rendered":"<p><span style=\"font-family: helvetica, arial, sans-serif\"><strong>Piso vinilico antiderrapante formato madera\u00a0<\/strong><\/span><\/p>\n<ul>\n<li><span style=\"font-family: helvetica, arial, sans-serif\">Rollo de 1.60 x 25 mts<\/span><\/li>\n<li><span style=\"font-family: helvetica, arial, sans-serif\">Area que cubre. 40 m2<\/span><\/li>\n<li><span style=\"font-family: helvetica, arial, sans-serif\">Apto para tr\u00e1fico pesado<\/span><\/li>\n<\/ul>\n","protected":false},"featured_media":8702,"comment_status":"open","ping_status":"closed","template":"","meta":[],"product_brand":[],"product_cat":[26,30],"product_tag":[164,145],"class_list":{"0":"post-8701","1":"product","2":"type-product","3":"status-publish","4":"has-post-thumbnail","6":"product_cat-acabados-muros-y-pisos","7":"product_cat-pisos","8":"product_tag-oplex","9":"product_tag-piso-vinil","10":"product_shipping_class-flete-carga-consolidada-por-cobrar","12":"first","13":"instock","14":"shipping-taxable","15":"purchasable","16":"product-type-simple"},"_links":{"self":[{"href":"https:\/\/www.mercari.com.mx\/web\/wp-json\/wp\/v2\/product\/8701","targetHints":{"allow":["GET"]}}],"collection":[{"href":"https:\/\/www.mercari.com.mx\/web\/wp-json\/wp\/v2\/product"}],"about":[{"href":"https:\/\/www.mercari.com.mx\/web\/wp-json\/wp\/v2\/types\/product"}],"replies":[{"embeddable":true,"href":"https:\/\/www.mercari.com.mx\/web\/wp-json\/wp\/v2\/comments?post=8701"}],"wp:featuredmedia":[{"embeddable":true,"href":"https:\/\/www.mercari.com.mx\/web\/wp-json\/wp\/v2\/media\/8702"}],"wp:attachment":[{"href":"https:\/\/www.mercari.com.mx\/web\/wp-json\/wp\/v2\/media?parent=8701"}],"wp:term":[{"taxonomy":"product_brand","embeddable":true,"href":"https:\/\/www.mercari.com.mx\/web\/wp-json\/wp\/v2\/product_brand?post=8701"},{"taxonomy":"product_cat","embeddable":true,"href":"https:\/\/www.mercari.com.mx\/web\/wp-json\/wp\/v2\/product_cat?post=8701"},{"taxonomy":"product_tag","embeddable":true,"href":"https:\/\/www.mercari.com.mx\/web\/wp-json\/wp\/v2\/product_tag?post=8701"}],"curies":[{"name":"wp","href":"https:\/\/api.w.org\/{rel}","templated":true}]}}